{"id":63203,"date":"2025-04-04T23:39:26","date_gmt":"2025-04-04T20:39:26","guid":{"rendered":"https:\/\/pixlclinic.com\/neck-liposuction-before-and-after\/"},"modified":"2025-04-09T13:01:28","modified_gmt":"2025-04-09T10:01:28","slug":"gidi-lipo-oncesi-ve-sonrasi","status":"publish","type":"page","link":"https:\/\/pixlclinic.com\/tr\/gidi-lipo-oncesi-ve-sonrasi\/","title":{"rendered":"G\u0131d\u0131 Lipo \u00d6ncesi ve Sonras\u0131"},"content":{"rendered":"[vc_row type=&#8221;full_width_background&#8221; full_screen_row_position=&#8221;middle&#8221; column_margin=&#8221;default&#8221; column_direction=&#8221;default&#8221; column_direction_tablet=&#8221;default&#8221; column_direction_phone=&#8221;default&#8221; scene_position=&#8221;center&#8221; bottom_padding=&#8221;8%&#8221; text_color=&#8221;dark&#8221; text_align=&#8221;left&#8221; row_border_radius=&#8221;none&#8221; row_border_radius_applies=&#8221;bg&#8221; overlay_strength=&#8221;0.3&#8243; gradient_direction=&#8221;left_to_right&#8221; shape_divider_position=&#8221;bottom&#8221; bg_image_animation=&#8221;none&#8221; shape_type=&#8221;&#8221;][vc_column column_padding=&#8221;no-extra-padding&#8221; column_padding_tablet=&#8221;inherit&#8221; column_padding_phone=&#8221;inherit&#8221; column_padding_position=&#8221;all&#8221; column_element_spacing=&#8221;default&#8221; background_color_opacity=&#8221;1&#8243; background_hover_color_opacity=&#8221;1&#8243; column_shadow=&#8221;none&#8221; column_border_radius=&#8221;none&#8221; column_link_target=&#8221;_self&#8221; gradient_direction=&#8221;left_to_right&#8221; overlay_strength=&#8221;0.3&#8243; width=&#8221;1\/1&#8243; tablet_width_inherit=&#8221;default&#8221; tablet_text_alignment=&#8221;default&#8221; phone_text_alignment=&#8221;default&#8221; bg_image_animation=&#8221;none&#8221; border_type=&#8221;simple&#8221; column_border_width=&#8221;none&#8221; column_border_style=&#8221;solid&#8221;][vc_gallery type=&#8221;flickity_style&#8221; images=&#8221;51522,51530,51538,51546,51554&#8243; flickity_spacing=&#8221;default&#8221; flickity_controls=&#8221;pagination&#8221; flickity_overflow=&#8221;hidden&#8221; flickity_wrap_around=&#8221;wrap&#8221; flickity_desktop_columns=&#8221;2&#8243; flickity_small_desktop_columns=&#8221;2&#8243; flickity_tablet_columns=&#8221;1&#8243; flickity_box_shadow=&#8221;none&#8221; image_loading=&#8221;default&#8221; onclick=&#8221;link_no&#8221; img_size=&#8221;1080&#215;1080&#8243;][vc_gallery type=&#8221;flickity_style&#8221; images=&#8221;51597,51605,51613,51621,51629,51637&#8243; flickity_spacing=&#8221;default&#8221; flickity_controls=&#8221;pagination&#8221; flickity_overflow=&#8221;hidden&#8221; flickity_wrap_around=&#8221;wrap&#8221; flickity_desktop_columns=&#8221;2&#8243; flickity_small_desktop_columns=&#8221;2&#8243; flickity_tablet_columns=&#8221;1&#8243; flickity_box_shadow=&#8221;none&#8221; image_loading=&#8221;default&#8221; onclick=&#8221;link_no&#8221; img_size=&#8221;1080&#215;1080&#8243;][vc_gallery type=&#8221;flickity_style&#8221; images=&#8221;51482,51490,51498,51506,51514&#8243; flickity_spacing=&#8221;default&#8221; flickity_controls=&#8221;pagination&#8221; flickity_overflow=&#8221;hidden&#8221; flickity_wrap_around=&#8221;wrap&#8221; flickity_desktop_columns=&#8221;2&#8243; flickity_small_desktop_columns=&#8221;2&#8243; flickity_tablet_columns=&#8221;1&#8243; flickity_box_shadow=&#8221;none&#8221; image_loading=&#8221;default&#8221; onclick=&#8221;link_no&#8221; img_size=&#8221;1080&#215;1080&#8243;][vc_gallery type=&#8221;flickity_style&#8221; images=&#8221;51442,51450,51458,51466,51474&#8243; flickity_spacing=&#8221;default&#8221; flickity_controls=&#8221;pagination&#8221; flickity_overflow=&#8221;hidden&#8221; flickity_wrap_around=&#8221;wrap&#8221; flickity_desktop_columns=&#8221;2&#8243; flickity_small_desktop_columns=&#8221;2&#8243; flickity_tablet_columns=&#8221;1&#8243; flickity_box_shadow=&#8221;none&#8221; image_loading=&#8221;default&#8221; onclick=&#8221;link_no&#8221; img_size=&#8221;1080&#215;1080&#8243;][vc_gallery type=&#8221;flickity_style&#8221; images=&#8221;51402,51410,51418,51426,51434&#8243; flickity_spacing=&#8221;default&#8221; flickity_controls=&#8221;pagination&#8221; flickity_overflow=&#8221;hidden&#8221; flickity_wrap_around=&#8221;wrap&#8221; flickity_desktop_columns=&#8221;2&#8243; flickity_small_desktop_columns=&#8221;2&#8243; flickity_tablet_columns=&#8221;1&#8243; flickity_box_shadow=&#8221;none&#8221; image_loading=&#8221;default&#8221; onclick=&#8221;link_no&#8221; img_size=&#8221;1080&#215;1080&#8243;][vc_gallery type=&#8221;flickity_style&#8221; images=&#8221;51362,51370,51378,51386,51394&#8243; flickity_spacing=&#8221;default&#8221; flickity_controls=&#8221;pagination&#8221; flickity_overflow=&#8221;hidden&#8221; flickity_wrap_around=&#8221;wrap&#8221; flickity_desktop_columns=&#8221;2&#8243; flickity_small_desktop_columns=&#8221;2&#8243; flickity_tablet_columns=&#8221;1&#8243; flickity_box_shadow=&#8221;none&#8221; image_loading=&#8221;default&#8221; onclick=&#8221;link_no&#8221; img_size=&#8221;1080&#215;1080&#8243;][vc_gallery type=&#8221;flickity_style&#8221; images=&#8221;51565,51573,51581,51589&#8243; flickity_spacing=&#8221;default&#8221; flickity_controls=&#8221;pagination&#8221; flickity_overflow=&#8221;hidden&#8221; flickity_wrap_around=&#8221;wrap&#8221; flickity_desktop_columns=&#8221;2&#8243; flickity_small_desktop_columns=&#8221;2&#8243; flickity_tablet_columns=&#8221;1&#8243; flickity_box_shadow=&#8221;none&#8221; image_loading=&#8221;default&#8221; onclick=&#8221;link_no&#8221; img_size=&#8221;1080&#215;1080&#8243;][vc_gallery type=&#8221;flickity_style&#8221; images=&#8221;51322,51330,51338,51346,51354&#8243; flickity_spacing=&#8221;default&#8221; flickity_controls=&#8221;pagination&#8221; flickity_overflow=&#8221;hidden&#8221; flickity_wrap_around=&#8221;wrap&#8221; flickity_desktop_columns=&#8221;2&#8243; flickity_small_desktop_columns=&#8221;2&#8243; flickity_tablet_columns=&#8221;1&#8243; flickity_box_shadow=&#8221;none&#8221; image_loading=&#8221;default&#8221; onclick=&#8221;link_no&#8221; img_size=&#8221;1080&#215;1080&#8243;][vc_gallery type=&#8221;flickity_style&#8221; images=&#8221;51282,51290,51298,51306,51314&#8243; flickity_spacing=&#8221;default&#8221; flickity_controls=&#8221;pagination&#8221; flickity_overflow=&#8221;hidden&#8221; flickity_wrap_around=&#8221;wrap&#8221; flickity_desktop_columns=&#8221;2&#8243; flickity_small_desktop_columns=&#8221;2&#8243; flickity_tablet_columns=&#8221;1&#8243; flickity_box_shadow=&#8221;none&#8221; image_loading=&#8221;default&#8221; onclick=&#8221;link_no&#8221; img_size=&#8221;1080&#215;1080&#8243;][vc_gallery type=&#8221;flickity_style&#8221; images=&#8221;51782,51790,51798,51806,51814&#8243; flickity_spacing=&#8221;default&#8221; flickity_controls=&#8221;pagination&#8221; flickity_overflow=&#8221;hidden&#8221; flickity_wrap_around=&#8221;wrap&#8221; flickity_desktop_columns=&#8221;2&#8243; flickity_small_desktop_columns=&#8221;2&#8243; flickity_tablet_columns=&#8221;1&#8243; flickity_box_shadow=&#8221;none&#8221; image_loading=&#8221;default&#8221; onclick=&#8221;link_no&#8221; img_size=&#8221;1080&#215;1080&#8243;][vc_gallery type=&#8221;flickity_style&#8221; images=&#8221;51742,51750,51758,51766,51774&#8243; flickity_spacing=&#8221;default&#8221; flickity_controls=&#8221;pagination&#8221; flickity_overflow=&#8221;hidden&#8221; flickity_wrap_around=&#8221;wrap&#8221; flickity_desktop_columns=&#8221;2&#8243; flickity_small_desktop_columns=&#8221;2&#8243; flickity_tablet_columns=&#8221;1&#8243; flickity_box_shadow=&#8221;none&#8221; image_loading=&#8221;default&#8221; onclick=&#8221;link_no&#8221; img_size=&#8221;1080&#215;1080&#8243;][vc_gallery type=&#8221;flickity_style&#8221; images=&#8221;51242,51250,51258,51266,51274&#8243; flickity_spacing=&#8221;default&#8221; flickity_controls=&#8221;pagination&#8221; flickity_overflow=&#8221;hidden&#8221; flickity_wrap_around=&#8221;wrap&#8221; flickity_desktop_columns=&#8221;2&#8243; flickity_small_desktop_columns=&#8221;2&#8243; flickity_tablet_columns=&#8221;1&#8243; flickity_box_shadow=&#8221;none&#8221; image_loading=&#8221;default&#8221; onclick=&#8221;link_no&#8221; img_size=&#8221;1080&#215;1080&#8243;][vc_gallery type=&#8221;flickity_style&#8221; images=&#8221;51210,51218,51226,51234&#8243; flickity_spacing=&#8221;default&#8221; flickity_controls=&#8221;pagination&#8221; flickity_overflow=&#8221;hidden&#8221; flickity_wrap_around=&#8221;wrap&#8221; flickity_desktop_columns=&#8221;2&#8243; flickity_small_desktop_columns=&#8221;2&#8243; flickity_tablet_columns=&#8221;1&#8243; flickity_box_shadow=&#8221;none&#8221; image_loading=&#8221;default&#8221; onclick=&#8221;link_no&#8221; img_size=&#8221;1080&#215;1080&#8243;][vc_gallery type=&#8221;flickity_style&#8221; images=&#8221;51162,51170,51178,51186&#8243; flickity_spacing=&#8221;default&#8221; flickity_controls=&#8221;pagination&#8221; flickity_overflow=&#8221;hidden&#8221; flickity_wrap_around=&#8221;wrap&#8221; flickity_desktop_columns=&#8221;2&#8243; flickity_small_desktop_columns=&#8221;2&#8243; flickity_tablet_columns=&#8221;1&#8243; flickity_box_shadow=&#8221;none&#8221; image_loading=&#8221;default&#8221; onclick=&#8221;link_no&#8221; img_size=&#8221;1080&#215;1080&#8243;][vc_gallery type=&#8221;flickity_style&#8221; images=&#8221;51670,51678,51686,51694&#8243; flickity_spacing=&#8221;default&#8221; flickity_controls=&#8221;pagination&#8221; flickity_overflow=&#8221;hidden&#8221; flickity_wrap_around=&#8221;wrap&#8221; flickity_desktop_columns=&#8221;2&#8243; flickity_small_desktop_columns=&#8221;2&#8243; flickity_tablet_columns=&#8221;1&#8243; flickity_box_shadow=&#8221;none&#8221; image_loading=&#8221;default&#8221; onclick=&#8221;link_no&#8221; img_size=&#8221;1080&#215;1080&#8243;][vc_gallery type=&#8221;flickity_style&#8221; images=&#8221;51702,51710,51718,51726,51734&#8243; flickity_spacing=&#8221;default&#8221; flickity_controls=&#8221;pagination&#8221; flickity_overflow=&#8221;hidden&#8221; flickity_wrap_around=&#8221;wrap&#8221; flickity_desktop_columns=&#8221;2&#8243; flickity_small_desktop_columns=&#8221;2&#8243; flickity_tablet_columns=&#8221;1&#8243; flickity_box_shadow=&#8221;none&#8221; image_loading=&#8221;default&#8221; onclick=&#8221;link_no&#8221; img_size=&#8221;1080&#215;1080&#8243;][vc_gallery type=&#8221;flickity_style&#8221; images=&#8221;51146,51130,51138,51154&#8243; flickity_spacing=&#8221;default&#8221; flickity_controls=&#8221;pagination&#8221; flickity_overflow=&#8221;hidden&#8221; flickity_wrap_around=&#8221;wrap&#8221; flickity_desktop_columns=&#8221;2&#8243; flickity_small_desktop_columns=&#8221;2&#8243; flickity_tablet_columns=&#8221;1&#8243; flickity_box_shadow=&#8221;none&#8221; image_loading=&#8221;default&#8221; onclick=&#8221;link_no&#8221; img_size=&#8221;1080&#215;1080&#8243;][vc_gallery type=&#8221;flickity_style&#8221; images=&#8221;51098,51106,51114&#8243; flickity_spacing=&#8221;default&#8221; flickity_controls=&#8221;pagination&#8221; flickity_overflow=&#8221;hidden&#8221; flickity_wrap_around=&#8221;wrap&#8221; flickity_desktop_columns=&#8221;2&#8243; flickity_small_desktop_columns=&#8221;2&#8243; flickity_tablet_columns=&#8221;1&#8243; flickity_box_shadow=&#8221;none&#8221; image_loading=&#8221;default&#8221; onclick=&#8221;link_no&#8221; img_size=&#8221;1080&#215;1080&#8243;][vc_gallery type=&#8221;flickity_style&#8221; images=&#8221;51662,51653,51645&#8243; flickity_spacing=&#8221;default&#8221; flickity_controls=&#8221;pagination&#8221; flickity_overflow=&#8221;hidden&#8221; flickity_wrap_around=&#8221;wrap&#8221; flickity_desktop_columns=&#8221;2&#8243; flickity_small_desktop_columns=&#8221;2&#8243; flickity_tablet_columns=&#8221;1&#8243; flickity_box_shadow=&#8221;none&#8221; image_loading=&#8221;default&#8221; onclick=&#8221;link_no&#8221; img_size=&#8221;1080&#215;1080&#8243;][\/vc_column][\/vc_row]\n","protected":false},"excerpt":{"rendered":"<p>[vc_row type=&#8221;full_width_background&#8221; full_screen_row_position=&#8221;middle&#8221; column_margin=&#8221;default&#8221; column_direction=&#8221;default&#8221; column_direction_tablet=&#8221;default&#8221; column_direction_phone=&#8221;default&#8221; scene_position=&#8221;center&#8221; bottom_padding=&#8221;8%&#8221; text_color=&#8221;dark&#8221; text_align=&#8221;left&#8221; row_border_radius=&#8221;none&#8221; row_border_radius_applies=&#8221;bg&#8221; overlay_strength=&#8221;0.3&#8243; gradient_direction=&#8221;left_to_right&#8221; shape_divider_position=&#8221;bottom&#8221; bg_image_animation=&#8221;none&#8221; shape_type=&#8221;&#8221;][vc_column column_padding=&#8221;no-extra-padding&#8221; column_padding_tablet=&#8221;inherit&#8221; column_padding_phone=&#8221;inherit&#8221; column_padding_position=&#8221;all&#8221; column_element_spacing=&#8221;default&#8221; background_color_opacity=&#8221;1&#8243; background_hover_color_opacity=&#8221;1&#8243; column_shadow=&#8221;none&#8221; column_border_radius=&#8221;none&#8221; column_link_target=&#8221;_self&#8221; gradient_direction=&#8221;left_to_right&#8221; overlay_strength=&#8221;0.3&#8243;&#8230;<\/p>\n","protected":false},"author":1,"featured_media":51529,"parent":0,"menu_order":0,"comment_status":"closed","ping_status":"closed","template":"","meta":{"footnotes":""},"class_list":["post-63203","page","type-page","status-publish","has-post-thumbnail"],"_links":{"self":[{"href":"https:\/\/pixlclinic.com\/tr\/wp-json\/wp\/v2\/pages\/63203","targetHints":{"allow":["GET"]}}],"collection":[{"href":"https:\/\/pixlclinic.com\/tr\/wp-json\/wp\/v2\/pages"}],"about":[{"href":"https:\/\/pixlclinic.com\/tr\/wp-json\/wp\/v2\/types\/page"}],"author":[{"embeddable":true,"href":"https:\/\/pixlclinic.com\/tr\/wp-json\/wp\/v2\/users\/1"}],"replies":[{"embeddable":true,"href":"https:\/\/pixlclinic.com\/tr\/wp-json\/wp\/v2\/comments?post=63203"}],"version-history":[{"count":3,"href":"https:\/\/pixlclinic.com\/tr\/wp-json\/wp\/v2\/pages\/63203\/revisions"}],"predecessor-version":[{"id":63204,"href":"https:\/\/pixlclinic.com\/tr\/wp-json\/wp\/v2\/pages\/63203\/revisions\/63204"}],"wp:featuredmedia":[{"embeddable":true,"href":"https:\/\/pixlclinic.com\/tr\/wp-json\/wp\/v2\/media\/51529"}],"wp:attachment":[{"href":"https:\/\/pixlclinic.com\/tr\/wp-json\/wp\/v2\/media?parent=63203"}],"curies":[{"name":"wp","href":"https:\/\/api.w.org\/{rel}","templated":true}]}}