{"id":8746,"date":"2021-08-08T14:53:54","date_gmt":"2021-08-08T11:53:54","guid":{"rendered":"https:\/\/pixlclinic.com\/thank-you\/"},"modified":"2022-06-04T00:33:56","modified_gmt":"2022-06-03T21:33:56","slug":"thank-you","status":"publish","type":"page","link":"https:\/\/pixlclinic.com\/fr\/thank-you\/","title":{"rendered":"Merci"},"content":{"rendered":"[vc_row type=\u00a0\u00bbfull_width_background\u00a0\u00bb full_screen_row_position=\u00a0\u00bbmiddle\u00a0\u00bb column_margin=\u00a0\u00bbdefault\u00a0\u00bb column_direction=\u00a0\u00bbdefault\u00a0\u00bb column_direction_tablet=\u00a0\u00bbdefault\u00a0\u00bb column_direction_phone=\u00a0\u00bbdefault\u00a0\u00bb bg_color=\u00a0\u00bb#f7f7f7&Prime; scene_position=\u00a0\u00bbcenter\u00a0\u00bb top_padding=\u00a0\u00bb4%\u00a0\u00bb text_color=\u00a0\u00bbdark\u00a0\u00bb text_align=\u00a0\u00bbleft\u00a0\u00bb row_border_radius=\u00a0\u00bbnone\u00a0\u00bb row_border_radius_applies=\u00a0\u00bbbg\u00a0\u00bb overlay_strength=\u00a0\u00bb0.3&Prime; gradient_direction=\u00a0\u00bbleft_to_right\u00a0\u00bb shape_divider_position=\u00a0\u00bbbottom\u00a0\u00bb bg_image_animation=\u00a0\u00bbnone\u00a0\u00bb shape_type=\u00a0\u00bb\u00a0\u00bb][vc_column column_padding=\u00a0\u00bbno-extra-padding\u00a0\u00bb column_padding_tablet=\u00a0\u00bbinherit\u00a0\u00bb column_padding_phone=\u00a0\u00bbinherit\u00a0\u00bb column_padding_position=\u00a0\u00bball\u00a0\u00bb column_element_spacing=\u00a0\u00bbdefault\u00a0\u00bb centered_text=\u00a0\u00bbtrue\u00a0\u00bb background_color_opacity=\u00a0\u00bb1&Prime; background_hover_color_opacity=\u00a0\u00bb1&Prime; column_shadow=\u00a0\u00bbnone\u00a0\u00bb column_border_radius=\u00a0\u00bbnone\u00a0\u00bb column_link_target=\u00a0\u00bb_self\u00a0\u00bb gradient_direction=\u00a0\u00bbleft_to_right\u00a0\u00bb overlay_strength=\u00a0\u00bb0.3&Prime; width=\u00a0\u00bb1\/1&Prime; tablet_width_inherit=\u00a0\u00bbdefault\u00a0\u00bb tablet_text_alignment=\u00a0\u00bbdefault\u00a0\u00bb phone_text_alignment=\u00a0\u00bbdefault\u00a0\u00bb bg_image_animation=\u00a0\u00bbnone\u00a0\u00bb border_type=\u00a0\u00bbsimple\u00a0\u00bb column_border_width=\u00a0\u00bbnone\u00a0\u00bb column_border_style=\u00a0\u00bbsolid\u00a0\u00bb][vc_column_text]\n<h2>Merci pour votre message. Votre message a \u00e9t\u00e9 envoy\u00e9.<\/h2>\n<h4><span style=\"color: #bbbbbb;\">Soyez \u00e0 votre meilleur, sentez-vous \u00e0 votre meilleur<\/span><\/h4>\n[\/vc_column_text][\/vc_column][\/vc_row][vc_row type=\u00a0\u00bbfull_width_content\u00a0\u00bb full_screen_row_position=\u00a0\u00bbmiddle\u00a0\u00bb column_margin=\u00a0\u00bbdefault\u00a0\u00bb column_direction=\u00a0\u00bbdefault\u00a0\u00bb column_direction_tablet=\u00a0\u00bbdefault\u00a0\u00bb column_direction_phone=\u00a0\u00bbdefault\u00a0\u00bb bg_color=\u00a0\u00bb#0a0a0a\u00a0\u00bb full_height=\u00a0\u00bbyes\u00a0\u00bb scene_position=\u00a0\u00bbcenter\u00a0\u00bb text_color=\u00a0\u00bblight\u00a0\u00bb text_align=\u00a0\u00bbleft\u00a0\u00bb row_border_radius=\u00a0\u00bbnone\u00a0\u00bb row_border_radius_applies=\u00a0\u00bbbg\u00a0\u00bb overlay_strength=\u00a0\u00bb0.3&Prime; gradient_direction=\u00a0\u00bbleft_to_right\u00a0\u00bb shape_divider_position=\u00a0\u00bbbottom\u00a0\u00bb bg_image_animation=\u00a0\u00bbnone\u00a0\u00bb shape_type=\u00a0\u00bb\u00a0\u00bb][vc_column column_padding=\u00a0\u00bbno-extra-padding\u00a0\u00bb column_padding_tablet=\u00a0\u00bbinherit\u00a0\u00bb column_padding_phone=\u00a0\u00bbinherit\u00a0\u00bb column_padding_position=\u00a0\u00bball\u00a0\u00bb top_margin=\u00a0\u00bb%4&Prime; bottom_margin=\u00a0\u00bb%4&Prime; column_element_spacing=\u00a0\u00bbdefault\u00a0\u00bb centered_text=\u00a0\u00bbtrue\u00a0\u00bb background_color_opacity=\u00a0\u00bb1&Prime; background_hover_color_opacity=\u00a0\u00bb1&Prime; column_shadow=\u00a0\u00bbnone\u00a0\u00bb column_border_radius=\u00a0\u00bbnone\u00a0\u00bb column_link_target=\u00a0\u00bb_self\u00a0\u00bb gradient_direction=\u00a0\u00bbleft_to_right\u00a0\u00bb overlay_strength=\u00a0\u00bb0.3&Prime; width=\u00a0\u00bb1\/1&Prime; tablet_width_inherit=\u00a0\u00bbdefault\u00a0\u00bb tablet_text_alignment=\u00a0\u00bbdefault\u00a0\u00bb phone_text_alignment=\u00a0\u00bbdefault\u00a0\u00bb bg_image_animation=\u00a0\u00bbnone\u00a0\u00bb border_type=\u00a0\u00bbsimple\u00a0\u00bb column_border_width=\u00a0\u00bbnone\u00a0\u00bb column_border_style=\u00a0\u00bbsolid\u00a0\u00bb][nectar_highlighted_text color_type=\u00a0\u00bbregular\u00a0\u00bb highlight_color=\u00a0\u00bb#ffffff\u00a0\u00bb style=\u00a0\u00bbfull_text\u00a0\u00bb highlight_expansion=\u00a0\u00bbdefault\u00a0\u00bb]\n<h2>T\u00e9moignages<\/h2>\n[\/nectar_highlighted_text][testimonial_slider style=\u00a0\u00bbmultiple_visible\u00a0\u00bb color=\u00a0\u00bbaccent-color-dark\u00a0\u00bb][testimonial star_rating=\u00a0\u00bbnone\u00a0\u00bb title=\u00a0\u00bbTestimonial\u00a0\u00bb id=\u00a0\u00bb1654291860521-6&Prime; name=\u00a0\u00bb\u00ab\u00a0Caroline Becker\u00ab\u00a0\u00a0\u00bb subtitle=\u00a0\u00bbRoyaume-Uni\u00a0\u00bb tab_id=\u00a0\u00bb1654291860522-5&Prime; quote=\u00a0\u00bbSalut tout le monde, je suis ici \u00e0 Pixl Clinic pour faire ma greffe de cheveux, et je l&rsquo;ai fait avec un chirurgien tr\u00e8s expert, c&rsquo;est vraiment sympa<br \/>\n\u00ab\u00a0][testimonial star_rating=\u00a0\u00bbnone\u00a0\u00bb title=\u00a0\u00bbTestimonial\u00a0\u00bb id=\u00a0\u00bb1654291860556-4&Prime; name=\u00a0\u00bb\u00a0\u00bbJakob Toma\u00a0\u00bb\u00a0\u00bb subtitle=\u00a0\u00bbPays-Bas\u00a0\u00bb tab_id=\u00a0\u00bb1654291860557-7&Prime; quote=\u00a0\u00bbJ&rsquo;ai pass\u00e9 un tr\u00e8s bon s\u00e9jour \u00e0 Istanbul, la clinique Pixl s&rsquo;est tr\u00e8s bien occup\u00e9e de moi, ce que j&rsquo;ai vraiment appr\u00e9ci\u00e9.<br \/>\n\u00ab\u00a0][testimonial star_rating=\u00a0\u00bbnone\u00a0\u00bb title=\u00a0\u00bbTestimonial\u00a0\u00bb id=\u00a0\u00bb1654291860580-5&Prime; name=\u00a0\u00bb\u00a0\u00bbSusan Wright\u00a0\u00bb\u00a0\u00bb subtitle=\u00a0\u00bbDanemark\u00a0\u00bb tab_id=\u00a0\u00bb1654291860581-8&Prime; quote=\u00a0\u00bbLa clinique \u00e9tait propre et toutes les mesures de COVID-19 ont \u00e9t\u00e9 appliqu\u00e9es et l&rsquo;attention au d\u00e9tail etait super<br \/>\n\u00ab\u00a0][testimonial star_rating=\u00a0\u00bbnone\u00a0\u00bb title=\u00a0\u00bbTestimonial\u00a0\u00bb id=\u00a0\u00bb1654291860610-6&Prime; name=\u00a0\u00bb\u00a0\u00bb Jahan Haris\u00a0\u00bb\u00a0\u00bb subtitle=\u00a0\u00bbRoyaume-Uni\u00a0\u00bb tab_id=\u00a0\u00bb1654291860611-1&Prime; quote=\u00a0\u00bbVous ne pouvez pas demander un meilleur service que celui-l\u00e0. Service de qualit\u00e9 sup\u00e9rieure. Je donnerais plus de 5 \u00e9toiles si j&rsquo;avais le choix.<br \/>\n\u00ab\u00a0][testimonial star_rating=\u00a0\u00bbnone\u00a0\u00bb title=\u00a0\u00bbTestimonial\u00a0\u00bb id=\u00a0\u00bb1654291860644-5&Prime; name=\u00a0\u00bb\u00a0\u00bbSabina Schmidt\u00a0\u00bb\u00a0\u00bb subtitle=\u00a0\u00bbNorv\u00e8ge\u00a0\u00bb quote=\u00a0\u00bbExcellent service, je recommanderais \u00e0 tous ceux qui pr\u00e9f\u00e8rent faire une greffe de cheveux Je remercie \u00e0 toute l&rsquo;\u00e9quipe de Pixl Clinic<br \/>\n\u00a0\u00bb tab_id=\u00a0\u00bb1654291860644-7&Prime;][\/testimonial_slider][\/vc_column][\/vc_row][vc_row type=\u00a0\u00bbfull_width_background\u00a0\u00bb full_screen_row_position=\u00a0\u00bbmiddle\u00a0\u00bb column_margin=\u00a0\u00bbdefault\u00a0\u00bb equal_height=\u00a0\u00bbyes\u00a0\u00bb content_placement=\u00a0\u00bbmiddle\u00a0\u00bb column_direction=\u00a0\u00bbdefault\u00a0\u00bb column_direction_tablet=\u00a0\u00bbdefault\u00a0\u00bb column_direction_phone=\u00a0\u00bbdefault\u00a0\u00bb scene_position=\u00a0\u00bbcenter\u00a0\u00bb top_padding=\u00a0\u00bb6%\u00a0\u00bb bottom_padding=\u00a0\u00bb6%\u00a0\u00bb text_color=\u00a0\u00bbdark\u00a0\u00bb text_align=\u00a0\u00bbleft\u00a0\u00bb row_border_radius=\u00a0\u00bbnone\u00a0\u00bb row_border_radius_applies=\u00a0\u00bbbg\u00a0\u00bb enable_gradient=\u00a0\u00bbtrue\u00a0\u00bb color_overlay=\u00a0\u00bb#eaf1fd\u00a0\u00bb overlay_strength=\u00a0\u00bb1&Prime; gradient_direction=\u00a0\u00bbtop_to_bottom\u00a0\u00bb shape_divider_color=\u00a0\u00bb#f4f4f4&Prime; shape_divider_position=\u00a0\u00bbbottom\u00a0\u00bb shape_divider_height=\u00a0\u00bb40%\u00a0\u00bb bg_image_animation=\u00a0\u00bbnone\u00a0\u00bb shape_type=\u00a0\u00bbcurve_opacity\u00a0\u00bb][vc_column column_padding=\u00a0\u00bbno-extra-padding\u00a0\u00bb column_padding_tablet=\u00a0\u00bbinherit\u00a0\u00bb column_padding_phone=\u00a0\u00bbinherit\u00a0\u00bb column_padding_position=\u00a0\u00bbright\u00a0\u00bb column_element_spacing=\u00a0\u00bbdefault\u00a0\u00bb background_color_opacity=\u00a0\u00bb1&Prime; background_hover_color_opacity=\u00a0\u00bb1&Prime; column_shadow=\u00a0\u00bbnone\u00a0\u00bb column_border_radius=\u00a0\u00bbnone\u00a0\u00bb column_link_target=\u00a0\u00bb_self\u00a0\u00bb gradient_direction=\u00a0\u00bbleft_to_right\u00a0\u00bb overlay_strength=\u00a0\u00bb0.3&Prime; width=\u00a0\u00bb1\/1&Prime; tablet_width_inherit=\u00a0\u00bbdefault\u00a0\u00bb tablet_text_alignment=\u00a0\u00bbdefault\u00a0\u00bb phone_text_alignment=\u00a0\u00bbdefault\u00a0\u00bb bg_image_animation=\u00a0\u00bbnone\u00a0\u00bb border_type=\u00a0\u00bbsimple\u00a0\u00bb column_border_width=\u00a0\u00bbnone\u00a0\u00bb column_border_style=\u00a0\u00bbsolid\u00a0\u00bb][vc_row_inner column_margin=\u00a0\u00bbdefault\u00a0\u00bb column_direction=\u00a0\u00bbdefault\u00a0\u00bb column_direction_tablet=\u00a0\u00bbdefault\u00a0\u00bb column_direction_phone=\u00a0\u00bbdefault\u00a0\u00bb bottom_padding=\u00a0\u00bb2%\u00a0\u00bb text_align=\u00a0\u00bbleft\u00a0\u00bb][vc_column_inner column_padding=\u00a0\u00bbno-extra-padding\u00a0\u00bb column_padding_tablet=\u00a0\u00bbinherit\u00a0\u00bb column_padding_phone=\u00a0\u00bbinherit\u00a0\u00bb column_padding_position=\u00a0\u00bball\u00a0\u00bb column_element_spacing=\u00a0\u00bbdefault\u00a0\u00bb background_color_opacity=\u00a0\u00bb1&Prime; background_hover_color_opacity=\u00a0\u00bb1&Prime; column_shadow=\u00a0\u00bbnone\u00a0\u00bb column_border_radius=\u00a0\u00bbnone\u00a0\u00bb column_link_target=\u00a0\u00bb_self\u00a0\u00bb gradient_direction=\u00a0\u00bbleft_to_right\u00a0\u00bb overlay_strength=\u00a0\u00bb0.3&Prime; width=\u00a0\u00bb1\/6&Prime; tablet_width_inherit=\u00a0\u00bbdefault\u00a0\u00bb bg_image_animation=\u00a0\u00bbnone\u00a0\u00bb border_type=\u00a0\u00bbsimple\u00a0\u00bb column_border_width=\u00a0\u00bbnone\u00a0\u00bb column_border_style=\u00a0\u00bbsolid\u00a0\u00bb][\/vc_column_inner][vc_column_inner column_padding=\u00a0\u00bbno-extra-padding\u00a0\u00bb column_padding_tablet=\u00a0\u00bbinherit\u00a0\u00bb column_padding_phone=\u00a0\u00bbinherit\u00a0\u00bb column_padding_position=\u00a0\u00bball\u00a0\u00bb column_element_spacing=\u00a0\u00bbdefault\u00a0\u00bb centered_text=\u00a0\u00bbtrue\u00a0\u00bb background_color_opacity=\u00a0\u00bb1&Prime; background_hover_color_opacity=\u00a0\u00bb1&Prime; column_shadow=\u00a0\u00bbnone\u00a0\u00bb column_border_radius=\u00a0\u00bbnone\u00a0\u00bb column_link_target=\u00a0\u00bb_self\u00a0\u00bb gradient_direction=\u00a0\u00bbleft_to_right\u00a0\u00bb overlay_strength=\u00a0\u00bb0.3&Prime; width=\u00a0\u00bb2\/3&Prime; tablet_width_inherit=\u00a0\u00bbdefault\u00a0\u00bb bg_image_animation=\u00a0\u00bbnone\u00a0\u00bb border_type=\u00a0\u00bbsimple\u00a0\u00bb column_border_width=\u00a0\u00bbnone\u00a0\u00bb column_border_style=\u00a0\u00bbsolid\u00a0\u00bb][split_line_heading animation_type=\u00a0\u00bbline-reveal-by-space\u00a0\u00bb font_style=\u00a0\u00bbh2&Prime; content_alignment=\u00a0\u00bbdefault\u00a0\u00bb mobile_content_alignment=\u00a0\u00bbinherit\u00a0\u00bb text_content=\u00a0\u00bbPhotos Avant et Apr\u00e8s\u00a0\u00bb][\/split_line_heading][\/vc_column_inner][vc_column_inner column_padding=\u00a0\u00bbno-extra-padding\u00a0\u00bb column_padding_tablet=\u00a0\u00bbinherit\u00a0\u00bb column_padding_phone=\u00a0\u00bbinherit\u00a0\u00bb column_padding_position=\u00a0\u00bball\u00a0\u00bb column_element_spacing=\u00a0\u00bbdefault\u00a0\u00bb background_color_opacity=\u00a0\u00bb1&Prime; background_hover_color_opacity=\u00a0\u00bb1&Prime; column_shadow=\u00a0\u00bbnone\u00a0\u00bb column_border_radius=\u00a0\u00bbnone\u00a0\u00bb column_link_target=\u00a0\u00bb_self\u00a0\u00bb gradient_direction=\u00a0\u00bbleft_to_right\u00a0\u00bb overlay_strength=\u00a0\u00bb0.3&Prime; width=\u00a0\u00bb1\/6&Prime; tablet_width_inherit=\u00a0\u00bbdefault\u00a0\u00bb bg_image_animation=\u00a0\u00bbnone\u00a0\u00bb border_type=\u00a0\u00bbsimple\u00a0\u00bb column_border_width=\u00a0\u00bbnone\u00a0\u00bb column_border_style=\u00a0\u00bbsolid\u00a0\u00bb][\/vc_column_inner][\/vc_row_inner][vc_gallery type=\u00a0\u00bbflickity_static_height_style\u00a0\u00bb images=\u00a0\u00bb6149,6155,6125,6131,6137,6143,6162,6168,6174,6180&Prime; flickity_spacing=\u00a0\u00bbdefault\u00a0\u00bb flickity_controls=\u00a0\u00bbpagination\u00a0\u00bb flickity_overflow=\u00a0\u00bbhidden\u00a0\u00bb flickity_wrap_around=\u00a0\u00bbwrap\u00a0\u00bb flickity_box_shadow=\u00a0\u00bbnone\u00a0\u00bb image_loading=\u00a0\u00bbdefault\u00a0\u00bb onclick=\u00a0\u00bblink_no\u00a0\u00bb flickity_img_height=\u00a0\u00bb500&Prime;][\/vc_column][\/vc_row]\n","protected":false},"excerpt":{"rendered":"<p>[vc_row type=\u00a0\u00bbfull_width_background\u00a0\u00bb full_screen_row_position=\u00a0\u00bbmiddle\u00a0\u00bb column_margin=\u00a0\u00bbdefault\u00a0\u00bb column_direction=\u00a0\u00bbdefault\u00a0\u00bb column_direction_tablet=\u00a0\u00bbdefault\u00a0\u00bb column_direction_phone=\u00a0\u00bbdefault\u00a0\u00bb bg_color=\u00a0\u00bb#f7f7f7&Prime; scene_position=\u00a0\u00bbcenter\u00a0\u00bb top_padding=\u00a0\u00bb4%\u00a0\u00bb text_color=\u00a0\u00bbdark\u00a0\u00bb text_align=\u00a0\u00bbleft\u00a0\u00bb row_border_radius=\u00a0\u00bbnone\u00a0\u00bb row_border_radius_applies=\u00a0\u00bbbg\u00a0\u00bb overlay_strength=\u00a0\u00bb0.3&Prime; gradient_direction=\u00a0\u00bbleft_to_right\u00a0\u00bb shape_divider_position=\u00a0\u00bbbottom\u00a0\u00bb bg_image_animation=\u00a0\u00bbnone\u00a0\u00bb shape_type=\u00a0\u00bb\u00a0\u00bb][vc_column column_padding=\u00a0\u00bbno-extra-padding\u00a0\u00bb column_padding_tablet=\u00a0\u00bbinherit\u00a0\u00bb column_padding_phone=\u00a0\u00bbinherit\u00a0\u00bb column_padding_position=\u00a0\u00bball\u00a0\u00bb column_element_spacing=\u00a0\u00bbdefault\u00a0\u00bb centered_text=\u00a0\u00bbtrue\u00a0\u00bb background_color_opacity=\u00a0\u00bb1&Prime; background_hover_color_opacity=\u00a0\u00bb1&Prime; column_shadow=\u00a0\u00bbnone\u00a0\u00bb column_border_radius=\u00a0\u00bbnone\u00a0\u00bb column_link_target=\u00a0\u00bb_self\u00a0\u00bb&#8230;<\/p>\n","protected":false},"author":1,"featured_media":0,"parent":0,"menu_order":0,"comment_status":"closed","ping_status":"closed","template":"","meta":{"footnotes":""},"class_list":["post-8746","page","type-page","status-publish"],"_links":{"self":[{"href":"https:\/\/pixlclinic.com\/fr\/wp-json\/wp\/v2\/pages\/8746","targetHints":{"allow":["GET"]}}],"collection":[{"href":"https:\/\/pixlclinic.com\/fr\/wp-json\/wp\/v2\/pages"}],"about":[{"href":"https:\/\/pixlclinic.com\/fr\/wp-json\/wp\/v2\/types\/page"}],"author":[{"embeddable":true,"href":"https:\/\/pixlclinic.com\/fr\/wp-json\/wp\/v2\/users\/1"}],"replies":[{"embeddable":true,"href":"https:\/\/pixlclinic.com\/fr\/wp-json\/wp\/v2\/comments?post=8746"}],"version-history":[{"count":3,"href":"https:\/\/pixlclinic.com\/fr\/wp-json\/wp\/v2\/pages\/8746\/revisions"}],"predecessor-version":[{"id":8749,"href":"https:\/\/pixlclinic.com\/fr\/wp-json\/wp\/v2\/pages\/8746\/revisions\/8749"}],"wp:attachment":[{"href":"https:\/\/pixlclinic.com\/fr\/wp-json\/wp\/v2\/media?parent=8746"}],"curies":[{"name":"wp","href":"https:\/\/api.w.org\/{rel}","templated":true}]}}