{"id":8743,"date":"2021-08-01T19:03:00","date_gmt":"2021-08-01T16:03:00","guid":{"rendered":"https:\/\/pixlclinic.com\/distant-sales-contract\/"},"modified":"2021-08-01T19:03:00","modified_gmt":"2021-08-01T16:03:00","slug":"distant-sales-contract","status":"publish","type":"page","link":"https:\/\/pixlclinic.com\/fr\/distant-sales-contract\/","title":{"rendered":"Distant Sales Contract"},"content":{"rendered":"<div id=\"ez-toc-container\" class=\"ez-toc-v2_0_69_1 counter-hierarchy ez-toc-counter ez-toc-grey ez-toc-container-direction\">\n<div class=\"ez-toc-title-container\">\n<p class=\"ez-toc-title ez-toc-toggle\" style=\"cursor:pointer\">Table of Contents<\/p>\n<span class=\"ez-toc-title-toggle\"><a href=\"#\" class=\"ez-toc-pull-right ez-toc-btn ez-toc-btn-xs ez-toc-btn-default ez-toc-toggle\" aria-label=\"Toggle Table of Content\"><span class=\"ez-toc-js-icon-con\"><span class=\"\"><span class=\"eztoc-hide\" style=\"display:none;\">Toggle<\/span><span class=\"ez-toc-icon-toggle-span\"><svg style=\"fill: #999;color:#999\" xmlns=\"http:\/\/www.w3.org\/2000\/svg\" class=\"list-377408\" width=\"20px\" height=\"20px\" viewBox=\"0 0 24 24\" fill=\"none\"><path d=\"M6 6H4v2h2V6zm14 0H8v2h12V6zM4 11h2v2H4v-2zm16 0H8v2h12v-2zM4 16h2v2H4v-2zm16 0H8v2h12v-2z\" fill=\"currentColor\"><\/path><\/svg><svg style=\"fill: #999;color:#999\" class=\"arrow-unsorted-368013\" xmlns=\"http:\/\/www.w3.org\/2000\/svg\" width=\"10px\" height=\"10px\" viewBox=\"0 0 24 24\" version=\"1.2\" baseProfile=\"tiny\"><path d=\"M18.2 9.3l-6.2-6.3-6.2 6.3c-.2.2-.3.4-.3.7s.1.5.3.7c.2.2.4.3.7.3h11c.3 0 .5-.1.7-.3.2-.2.3-.5.3-.7s-.1-.5-.3-.7zM5.8 14.7l6.2 6.3 6.2-6.3c.2-.2.3-.5.3-.7s-.1-.5-.3-.7c-.2-.2-.4-.3-.7-.3h-11c-.3 0-.5.1-.7.3-.2.2-.3.5-.3.7s.1.5.3.7z\"\/><\/svg><\/span><\/span><\/span><\/a><\/span><\/div>\n<nav><ul class='ez-toc-list ez-toc-list-level-1 eztoc-toggle-hide-by-default' ><li class='ez-toc-page-1 ez-toc-heading-level-2'><a class=\"ez-toc-link ez-toc-heading-1\" href=\"https:\/\/pixlclinic.com\/fr\/distant-sales-contract\/#Distant_Sales_Contract\" title=\"Distant Sales Contract\">Distant Sales Contract<\/a><ul class='ez-toc-list-level-3' ><li class='ez-toc-heading-level-3'><a class=\"ez-toc-link ez-toc-heading-2\" href=\"https:\/\/pixlclinic.com\/fr\/distant-sales-contract\/#Article_%E2%80%93_1_SUBJECT\" title=\"Article \u2013 1: SUBJECT\">Article \u2013 1: SUBJECT<\/a><\/li><li class='ez-toc-page-1 ez-toc-heading-level-3'><a class=\"ez-toc-link ez-toc-heading-3\" href=\"https:\/\/pixlclinic.com\/fr\/distant-sales-contract\/#Article_%E2%80%93_2_SELLER_INFORMATIONS\" title=\"Article \u2013 2: SELLER INFORMATIONS\">Article \u2013 2: SELLER INFORMATIONS<\/a><\/li><li class='ez-toc-page-1 ez-toc-heading-level-3'><a class=\"ez-toc-link ez-toc-heading-4\" href=\"https:\/\/pixlclinic.com\/fr\/distant-sales-contract\/#Article_%E2%80%93_3_PURCHASER_INFORMATIONS\" title=\"Article \u2013 3: PURCHASER INFORMATIONS\">Article \u2013 3: PURCHASER INFORMATIONS<\/a><\/li><li class='ez-toc-page-1 ez-toc-heading-level-3'><a class=\"ez-toc-link ez-toc-heading-5\" href=\"https:\/\/pixlclinic.com\/fr\/distant-sales-contract\/#Article_%E2%80%93_4_SUBJECT_OF_THE_CONTRACT_AND_PRODUCT_INFORMATIONS\" title=\"Article \u2013 4: SUBJECT OF THE CONTRACT AND PRODUCT INFORMATIONS\">Article \u2013 4: SUBJECT OF THE CONTRACT AND PRODUCT INFORMATIONS<\/a><\/li><li class='ez-toc-page-1 ez-toc-heading-level-3'><a class=\"ez-toc-link ez-toc-heading-6\" href=\"https:\/\/pixlclinic.com\/fr\/distant-sales-contract\/#Article_%E2%80%93_5_GENERAL_PROVISIONS\" title=\"Article \u2013 5: GENERAL PROVISIONS\">Article \u2013 5: GENERAL PROVISIONS<\/a><\/li><li class='ez-toc-page-1 ez-toc-heading-level-3'><a class=\"ez-toc-link ez-toc-heading-7\" href=\"https:\/\/pixlclinic.com\/fr\/distant-sales-contract\/#Article_%E2%80%93_6_RIGHT_OF_WITHDRAWAL\" title=\"Article \u2013 6: RIGHT OF WITHDRAWAL\">Article \u2013 6: RIGHT OF WITHDRAWAL<\/a><\/li><li class='ez-toc-page-1 ez-toc-heading-level-3'><a class=\"ez-toc-link ez-toc-heading-8\" href=\"https:\/\/pixlclinic.com\/fr\/distant-sales-contract\/#Article_%E2%80%93_7_PRODUCTS_THAT_ARE_EXEMPT_THE_RIGHT_OF_WITHDRAWAL\" title=\"Article \u2013 7: PRODUCTS THAT ARE EXEMPT THE RIGHT OF WITHDRAWAL\">Article \u2013 7: PRODUCTS THAT ARE EXEMPT THE RIGHT OF WITHDRAWAL<\/a><\/li><li class='ez-toc-page-1 ez-toc-heading-level-3'><a class=\"ez-toc-link ez-toc-heading-9\" href=\"https:\/\/pixlclinic.com\/fr\/distant-sales-contract\/#Article_%E2%80%93_8_AUTHORIZED_COURTS\" title=\"Article \u2013 8: AUTHORIZED COURTS\">Article \u2013 8: AUTHORIZED COURTS<\/a><\/li><\/ul><\/li><\/ul><\/nav><\/div>\n<h2><span class=\"ez-toc-section\" id=\"Distant_Sales_Contract\"><\/span>Distant Sales Contract<span class=\"ez-toc-section-end\"><\/span><\/h2>\n<p>All users are accepted as they have read and confirmed the purchase contract as soon as they process with the membership.<\/p>\n<p>The purchase contract is between <strong>Pixl Clinic<\/strong> and the customer in a virtual environment.<\/p>\n<p>Terms and Conditions<\/p>\n<h3><span class=\"ez-toc-section\" id=\"Article_%E2%80%93_1_SUBJECT\"><\/span><strong>Article \u2013 1: SUBJECT<\/strong><span class=\"ez-toc-section-end\"><\/span><\/h3>\n<p>The subject of this contract to determine the rights and liability of the parties on the sales and delivery related with the product that is ordered from \u201c<strong>www.pixlclinic.com<\/strong>\u201d (\u201cWebsite\u201d) on electronic environment whose qualifications and price is defined below accordingly Law on the Protection of the Consumers, numbered 6502 and Distance Contracts Regulations that is published on the official gazette on 27.27.11.2014.<\/p>\n<h3><span class=\"ez-toc-section\" id=\"Article_%E2%80%93_2_SELLER_INFORMATIONS\"><\/span><strong>Article \u2013 2: SELLER INFORMATIONS<\/strong><span class=\"ez-toc-section-end\"><\/span><\/h3>\n<p>Title: HYD GLOBAL ELEKTRON\u0130K T\u0130CARET VE SA\u011eLIK H\u0130ZMETLER\u0130 SANAY\u0130 LTD.\u015eT\u0130. (From now on will be mentioned as \u201cPixl Clinic\u201d or \u201cSELLER\u201d)<br \/>\nAddress: Kocatepe Mahallesi Receppa\u015fa Caddesi No:12 K: D:9-10 Beyo\u011flu\/\u0130STANBUL\/TURKEY<\/p>\n<p>Phone: 0090531 632 14 99<\/p>\n<p>E-Mail: info@pixlhairclinic.com<\/p>\n<h3><span class=\"ez-toc-section\" id=\"Article_%E2%80%93_3_PURCHASER_INFORMATIONS\"><\/span><strong>Article \u2013 3: PURCHASER INFORMATIONS<\/strong><span class=\"ez-toc-section-end\"><\/span><\/h3>\n<p>All members, all purchasers who became members and shopped thru Pixl Clinic company\u2019s e-commerce shop pixlclinic.com (From now on will me mentioned as \u201cPURCHASER\u201d or \u201cCUSTOMER\u201d)<\/p>\n<h3><span class=\"ez-toc-section\" id=\"Article_%E2%80%93_4_SUBJECT_OF_THE_CONTRACT_AND_PRODUCT_INFORMATIONS\"><\/span><strong>Article \u2013 4: SUBJECT OF THE CONTRACT AND PRODUCT INFORMATIONS<\/strong><span class=\"ez-toc-section-end\"><\/span><\/h3>\n<p>Goods\u2019\/Products\u2019 or Services\u2019; Type, Amount, Brand\/Model, Color, Number, Sale Price and Payment Type is as it s stated on the web-site and could be changed without notifying the purchaser<\/p>\n<h3><span class=\"ez-toc-section\" id=\"Article_%E2%80%93_5_GENERAL_PROVISIONS\"><\/span><strong>Article \u2013 5: GENERAL PROVISIONS<\/strong><span class=\"ez-toc-section-end\"><\/span><\/h3>\n<p><strong>5.1.<\/strong> The PURCHASER declares and confirms that he\/she has all the information regarding the contract product\u2019s basic qualifications, tax included sales price and payment type with delivery and all related charges will be paid by the PURCHASER, and also knows the delivery time, full commercial title of the SELLER, open address and contact details.<\/p>\n<p><strong>5.2.<\/strong> In case of visiting this website or the mobile application; the SELLER is not responsible for any possible direct or indirect damage in consequence of breach of contract, tortious act or other reasons caused by using the website and the information and other data, programs etc. SELLER does not accept responsibility in the means of interruption, malfunction, omission, extinguishment, loss, delay on process or communication, computer virus, failures on telecommunication lines, communication fault, theft, annihilation or access to the records without permission or change of them caused by the breach of contract, tortious act or other reasons.<\/p>\n<p><strong>5.3.<\/strong> SELLER, may change, re-organize, or stop the publication of all services, products, terms of use existing in this Website and\/or Mobile Application and the information provided in the Website or Mobile Application without a prior warning. These changes go into operation at the date they are published. The company suggests to the PURCHASER to visit the legal warning page each time they visit the Web Site and\/or the Mobile Application. These conditions are also valid for the other linked web sites.<\/p>\n<p><strong>5.4.<\/strong> The Web Site and the Mobile Application might include connections or references to other web sites that are not controlled by the SELLER. SELLER is not responsible for the contents and the connections contained in those web sites.<\/p>\n<p><strong>5.5.<\/strong> SELLER has all the intellectual and industrial property rights of the general view and the design of this website and the mobile application and all information and all materials (\u201cMaterials\u201d) such as; pictures, all brands, website field name, logo, icon, technical data that are presented to as demonstrative, written, electronic, graphic or machine readable and computer softwares, applied sales system, work method and work model, and all are under legal protection. Any material of the website or the mobile application including the codes and the software can not be changed, copied, reproduced, translated to another language, re-published, installed to another computer, posted, transmitted, presented or distributed without a prior permission and giving full credit. Whole or part of the Website and\/or the Mobile Application can not be used in other website without permission. Detection of acts against may cause legal and criminal liability and other rights of the SELLER that are not stated in here are reserved.<\/p>\n<p><strong>5.6.<\/strong> PURCHASER\u2019s informations may only be disclosed to official authorities incase of their acknowledged requests and if necessity of revelation arises according to legislation provisions.<\/p>\n<p><strong>5.7.<\/strong> The contract product will be delivered to the PURCHASER or the one residing in the address given by the PURCHASER within the time frame stated on the Website according to the distance of the PURCHASER\u2019s settlement, which can not exceed 30 days, by the SELLER\u2019s contracted courier company. Effective from the date this Contract is confirmed, the contracted courier company of the SELLER is Havex Kargo (Havex Uluslar aras\u0131 Ta\u015f\u0131mac\u0131l\u0131k ve D\u0131\u015f Tic.LTD.\u015eT\u0130.) All courier charges regarding the delivery shown in Article 3, in case the total order price is under 1000 (A thousand) Turkish Liras, will be paid by the PURCHASER and these charges will be invoiced as \u201cDelivery Charge\u201d.<\/p>\n<p><strong>5.8.<\/strong> SELLER is not responsible for the damages that might be caused by rejection of the delivery by others than the PURCHASER in case the contract products is supposed to be delivered to other people \/ institution than the PURCHASER.<\/p>\n<p><strong>5.9.<\/strong> SELLER can not be hold responsible for the damages caused by the errors and the omissions of the courier responsible for delivering the products to the PURCHASER and SELLER can not be hold responsible for the non-delivery of the product.<\/p>\n<p><strong>5.10.<\/strong> SELLER is responsible for delivering the contract product(s) as solid, complete, matching with the quality stated in the order with it\u2019s warranty and user manual if there is any.<\/p>\n<p><strong>5.11.<\/strong> In case the ordered product or service\u2019s delivery is somehow impossible if the SELLER could not meet it\u2019s liabilities according to the contract; SELLER should inform the PURCHASER about this situation before the execution liability duration ends and may supply another product that is of the same price and quality to the PURCHASER if there is any in stock.<\/p>\n<p><strong>5.12.<\/strong> After the delivery of the product(s), if the bank or finance institution does not transfer the amount because the credit card, bank card or debit card or other payment instruments that are provided on the website is used illegally by others who are unauthorized in such a way that it\u2019s not because the fault of PURCHASER; if the products are delivered to the PURCHASER himself\/herself, products should be returned in 3 (three) days to the SELLER. On the contrary, PURCHASER accepts and commits that all kinds of legal procedures will be applied<\/p>\n<p><strong>5.13.<\/strong> SELLER reserves the right to return the paid amount to the PURCHASER in case the product ot service that is purchased by the PURCHASER is not in stocks of the provider company of the SELLER and there is no other products that is of the same price and quality.<\/p>\n<p><strong>5.14.<\/strong> SELLER is liable to inform the PURCHASER in case the contract product could not be delivered within the promised duration because of force majeure or exceptional circumstances that prevents the delivery such as adverse weather conditions or inability of transportation. In this case, if the PURCHASER cancels the order, the paid amount will be refunded at once to the payment instrument that is used while purchasing the product, within 30 (thirty) days.<\/p>\n<p><strong>5.15.<\/strong> Payments that are made via credit card the product(s) total will be refunded to the related bank after the cancelation of the order by the PURCHASER. After the refund of this amount to the bank, the appearance of the amount on the PURCHASER\u2019s account is totally related with bank process durations and the PURCHASER accepts that the SELLER can not interfere to the possible delays and after the refund is processed to the bank, it may take 2-3 weeks that the bank transfer the funds to the PURCHASER\u2019s account.<\/p>\n<p><strong>5.16.<\/strong> SELLER reserves the right to cancel the orders thru the website over the need of the PURCHASER. SELLER reserves the right to completely cancel orders, within the scope of wholesale, exceeding 30 (thirty) products that are over the need of the PURCHASER, or may only send the 30 (thirty) of them which is under the limit of retail purchase.<\/p>\n<p><strong>5.17.<\/strong> The SELLER has the right to ask all kinds of information and documents including visual aids to prove the id and credit card information in case the purchase process can not be completed by the PURCHASER because of entering the credit card password wrong for 3 (three) times. The SELLER has the right to instantly cancel the order without responsibility and compensation in case these informations and documents could not be provided by the PURCHASER or missing information or the in case the given information does not match with the order information.<\/p>\n<p><strong>5.18.<\/strong> SELLER has the right to cancel all the orders that the sales price is misspelled in a way that it is way under the market value and could be understood by an average person. PURCHASER accepts and declares that he\/she will not ask for any rights or demands in case this kind of situations that the mistake is clear.<\/p>\n<h3><span class=\"ez-toc-section\" id=\"Article_%E2%80%93_6_RIGHT_OF_WITHDRAWAL\"><\/span><strong>Article \u2013 6: RIGHT OF WITHDRAWAL<\/strong><span class=\"ez-toc-section-end\"><\/span><\/h3>\n<p>The PURCHASER has the right of withdrawal after the delivery of the products to herself\/himself or the one residing in the given address within 14 (fourteen) days without a need of reason. In case the right of withdrawal is used, the products that will be returned should be sent by the SELLER\u2019s contracted courier company that is announced on the website. The costs caused by the use of right of withdrawal, shall be paid by the SELLER in case the product(s) are returned via the contracted courier company.<\/p>\n<p>The product that is returned for any reason within the duration, if not sent with the contracted courier company, the delivery charges will be paid by the PURCHASER. To use the right of withdrawal; the SELLER should be notified within the 14 (fourteen) days duration via fax, phone or e-mail and the product should be suitable to the use of right of withdrawal stated on article 6, and the product should be as qualified as it could be resold. In case this right is used,<\/p>\n<p><strong>6.1.<\/strong> The invoice of the product that is delivered to the PURCHASER or a third person, (a corporate invoice should be issued for the sold product and the product should be sent along with it\u2019s invoice while returning it. The order returns whose invoice is issued will not be completed in case RETURN INVOICE is issued),<\/p>\n<p><strong>6.2.<\/strong> Return form,<\/p>\n<p><strong>6.3.<\/strong> After the intention of use of right of withdrawal is notified, the returned products should be delivered to the product return address that is stated on article 1, with it\u2019s package, cover and standard accessories if there is any, as complete and non-damages within 10 (ten) days. After the use of right of withdrawal notification is received by the SELLER, all payments done within the scope of the product will be refunded to the PURCHASER within 14 (fourteen) days.<\/p>\n<p>While returning the product, the original invoice that is supplied to the PURCHSER during the purchase of the product also needs to be returned (for the consistency of the accounting records). It should be written \u201creturn invoice\u201d on the invoice that will be returned with the product and signed by the PURCHASER. If the invoice is not returned with the product or at most within 5 (five) days to the SELLER, the return process will not be carried out and the product will be sent back to the PURCHASER as collect call.<\/p>\n<h3><span class=\"ez-toc-section\" id=\"Article_%E2%80%93_7_PRODUCTS_THAT_ARE_EXEMPT_THE_RIGHT_OF_WITHDRAWAL\"><\/span><strong>Article \u2013 7: PRODUCTS THAT ARE EXEMPT THE RIGHT OF WITHDRAWAL<\/strong><span class=\"ez-toc-section-end\"><\/span><\/h3>\n<p>In the scope of the Distance Contracts Regulations, Article 15 that is published on the official gazette on 27.11.2014; the below stated products are exempt the right of withdrawal.<\/p>\n<p><strong>7.1.<\/strong> The products whose prices change according to the market fluctuation and can not be controlled by the SELLER or provider.<\/p>\n<p><strong>7.2.<\/strong> Products that are prepared particularly for the PURCHASER\u2019s wills or personal needs.<\/p>\n<p><strong>7.3.<\/strong> Products that could easily go off or the expiration date is short. \u00e7) Products, in between the products whose protective elements such as package, tape, seal, cover is opened, that their return is not appropriate in the means of health and hygeen.<\/p>\n<p><strong>7.4.<\/strong> Contracts regarding the product that are mixed with other products after it\u2019s delivery and can not be separated by it\u2019s nature.<\/p>\n<p><strong>7.5.<\/strong> Products that are related with books, digital content and computer hardware materials after their protective elements such as package, tape, seal, cover is opened after it\u2019s delivery.<\/p>\n<p><strong>7.6.<\/strong> Products that are related with periodical publication such as newspapers and magazines except the ones provided within the scope of subscription agreement.<\/p>\n<p><strong>7.7.<\/strong> Products that are related with recreation of the free time for entertainment and relaxation such as accommodation at particular dates, moving furnitures, car rental, food and drink supply.<\/p>\n<p><strong>7.8.<\/strong> Products that are carried out in electronic environment or intangible products that are instantly delivered to the PURCHASER.<\/p>\n<p><strong>7.9.<\/strong> Products that are carried out with the confirmation of the PURCHASER before the withdrawal right period ends.<\/p>\n<h3><span class=\"ez-toc-section\" id=\"Article_%E2%80%93_8_AUTHORIZED_COURTS\"><\/span><strong>Article \u2013 8: AUTHORIZED COURTS<\/strong><span class=\"ez-toc-section-end\"><\/span><\/h3>\n<div id=\"page\" class=\"site \">\n<div id=\"content\" class=\"site-content\">\n<div class=\"content-inner\">\n<div class=\"container content-container\">\n<div class=\"row content-row\">\n<div id=\"primary\" class=\"content-area col-12\"><main id=\"main\" class=\"site-main\"><\/p>\n<article id=\"post-13202\" class=\"post-13202 page type-page status-publish hentry\">\n<div class=\"entry-content clearfix\">\n<p>The consumer may consult regarding the complaints and objections to Turkish Republic Courts and Enforcement Offices Consumer Problems City and Province Arbitration Committees or to Consumer Court within the monetary limits that are defined by Ministry of Customs and Trade.<\/p>\n<\/div>\n<\/article>\n<p><\/main><\/div>\n<\/div>\n<\/div>\n<\/div>\n<\/div>\n<\/div>\n<footer id=\"colophon\" class=\"site-footer footer-layout1 \">\n<div class=\"top-footer \">\n<div class=\"container\">\n<div class=\"row\">\n<div class=\"ct-footer-item col-xl-3 col-lg-3 col-md-6 col-sm-6 col-xs-12\"><\/div>\n<\/div>\n<\/div>\n<\/div>\n<\/footer>\n","protected":false},"excerpt":{"rendered":"<p>Distant Sales Contract All users are accepted as they have read and confirmed the purchase contract as soon as they process with the membership. The purchase contract is between Pixl&#8230;<\/p>\n","protected":false},"author":1,"featured_media":0,"parent":0,"menu_order":0,"comment_status":"closed","ping_status":"closed","template":"","meta":{"footnotes":""},"class_list":["post-8743","page","type-page","status-publish"],"_links":{"self":[{"href":"https:\/\/pixlclinic.com\/fr\/wp-json\/wp\/v2\/pages\/8743","targetHints":{"allow":["GET"]}}],"collection":[{"href":"https:\/\/pixlclinic.com\/fr\/wp-json\/wp\/v2\/pages"}],"about":[{"href":"https:\/\/pixlclinic.com\/fr\/wp-json\/wp\/v2\/types\/page"}],"author":[{"embeddable":true,"href":"https:\/\/pixlclinic.com\/fr\/wp-json\/wp\/v2\/users\/1"}],"replies":[{"embeddable":true,"href":"https:\/\/pixlclinic.com\/fr\/wp-json\/wp\/v2\/comments?post=8743"}],"version-history":[{"count":1,"href":"https:\/\/pixlclinic.com\/fr\/wp-json\/wp\/v2\/pages\/8743\/revisions"}],"predecessor-version":[{"id":8750,"href":"https:\/\/pixlclinic.com\/fr\/wp-json\/wp\/v2\/pages\/8743\/revisions\/8750"}],"wp:attachment":[{"href":"https:\/\/pixlclinic.com\/fr\/wp-json\/wp\/v2\/media?parent=8743"}],"curies":[{"name":"wp","href":"https:\/\/api.w.org\/{rel}","templated":true}]}}